{"id":1390,"date":"2022-12-23T11:43:54","date_gmt":"2022-12-23T11:43:54","guid":{"rendered":"https:\/\/www.plauen900-film.de\/?page_id=1390"},"modified":"2022-12-23T11:44:54","modified_gmt":"2022-12-23T11:44:54","slug":"der-trailer-zum-film-plauen-900","status":"publish","type":"page","link":"https:\/\/www.plauen900-film.de\/index.php\/der-trailer-zum-film-plauen-900\/","title":{"rendered":"Der Trailer zum Film &#8220;Plauen 900&#8221;"},"content":{"rendered":"\n<p>Der offizielle Trailer zum Film!<\/p>\n\n\n\n<figure class=\"wp-block-embed is-type-video is-provider-youtube wp-block-embed-youtube wp-embed-aspect-16-9 wp-has-aspect-ratio\"><div class=\"wp-block-embed__wrapper\">\n<iframe loading=\"lazy\" title=\"PLAUEN 900 - Die Geschichte der Spitzenstadt | OFFIZIELLER TRAILER\" width=\"790\" height=\"444\" src=\"https:\/\/www.youtube.com\/embed\/l90ftPpbCMc?feature=oembed\" frameborder=\"0\" allow=\"accelerometer; autoplay; clipboard-write; encrypted-media; gyroscope; picture-in-picture\" allowfullscreen><\/iframe>\n<\/div><\/figure>\n\n\n\n<h2>Stadtgeschichte in beeindruckenden Bildern <\/h2>\n\n\n\n<p>Der 151 Minuten lange Dokumentarfilm im 4K-HDR-Format zeigt bisher unver\u00f6ffentlichte historische Aufnahmen und pr\u00e4sentiert neue Erkenntnisse der Stadtgeschichte. Hochaufl\u00f6sende Luftaufnahmen und Stadtansichten sowie zahlreiche zu Wort kommende Zeit- und Augenzeugen, Geschichtskenner, Historiker, Prominente und Plauener Pers\u00f6nlichkeiten machen die Doku \u201ePlauen 900\u201c zu einem einmaligen Zeitdokument. <\/p>\n\n\n\n<p>\u201eWir reisen zum Ausgangspunkt der Entstehung von Plauen und wieder bis in die Gegenwart, vorbei an Meilensteinen der Stadtentwicklung, an S\u00f6hnen und T\u00f6chtern der Stadt, an unglaublichen Entwicklungen, Erfindungen, schw\u00e4rmen vom Weltruf und der Bl\u00fctezeit und beleuchten dunkle Zeiten und Schicksalsschl\u00e4ge der heutigen Spitzenstadt\u201c, sagt Autor und TV-Journalist Martin Rei\u00dfmann. Mit dem Film entsteht f\u00fcr das Vogtland und Sachsen ein bedeutendes geschichtliches Zeitdokument und f\u00fcr nachfolgende Generationen ein audiovisuelles Erbe. <\/p>\n\n\n\n<p>\u201cGef\u00f6rdert durch die Kulturstiftung des Freistaates Sachsen. Diese Ma\u00dfnahme wird mitfinanziert durch Steuermittel auf der Grundlage des vom S\u00e4chsischen Landtag beschlossenen Haushaltes\u201d. <\/p>\n\n\n\n<p>Mit freundlicher Unterst\u00fctzung der <a href=\"https:\/\/www.plauen.de\" target=\"_blank\" rel=\"noreferrer noopener\">Stadt Plauen<\/a>.<\/p>\n","protected":false},"excerpt":{"rendered":"<p>Der offizielle Trailer zum Film! Stadtgeschichte in beeindruckenden Bildern Der 151 Minuten lange Dokumentarfilm im 4K-HDR-Format zeigt bisher unver\u00f6ffentlichte historische Aufnahmen und pr\u00e4sentiert neue Erkenntnisse der Stadtgeschichte. Hochaufl\u00f6sende Luftaufnahmen und Stadtansichten sowie zahlreiche zu Wort kommende Zeit- und Augenzeugen, Geschichtskenner, Historiker, Prominente und Plauener Pers\u00f6nlichkeiten machen die Doku \u201ePlauen 900\u201c&#8230;<\/p>\n","protected":false},"author":1,"featured_media":0,"parent":0,"menu_order":0,"comment_status":"closed","ping_status":"closed","template":"","meta":[],"_links":{"self":[{"href":"https:\/\/www.plauen900-film.de\/index.php\/wp-json\/wp\/v2\/pages\/1390"}],"collection":[{"href":"https:\/\/www.plauen900-film.de\/index.php\/wp-json\/wp\/v2\/pages"}],"about":[{"href":"https:\/\/www.plauen900-film.de\/index.php\/wp-json\/wp\/v2\/types\/page"}],"author":[{"embeddable":true,"href":"https:\/\/www.plauen900-film.de\/index.php\/wp-json\/wp\/v2\/users\/1"}],"replies":[{"embeddable":true,"href":"https:\/\/www.plauen900-film.de\/index.php\/wp-json\/wp\/v2\/comments?post=1390"}],"version-history":[{"count":5,"href":"https:\/\/www.plauen900-film.de\/index.php\/wp-json\/wp\/v2\/pages\/1390\/revisions"}],"predecessor-version":[{"id":1558,"href":"https:\/\/www.plauen900-film.de\/index.php\/wp-json\/wp\/v2\/pages\/1390\/revisions\/1558"}],"wp:attachment":[{"href":"https:\/\/www.plauen900-film.de\/index.php\/wp-json\/wp\/v2\/media?parent=1390"}],"curies":[{"name":"wp","href":"https:\/\/api.w.org\/{rel}","templated":true}]}}